{"id":17704,"date":"2017-09-27T15:28:53","date_gmt":"2017-09-27T13:28:53","guid":{"rendered":"http:\/\/www.leboisdamourette.com\/nos-villas\/"},"modified":"2019-12-19T13:41:08","modified_gmt":"2019-12-19T12:41:08","slug":"nos-villas","status":"publish","type":"page","link":"https:\/\/www.leboisdamourette.com\/de\/nos-villas\/","title":{"rendered":"Unsere Villen"},"content":{"rendered":"<div class=\"wpb-content-wrapper\"><p>[vc_row heading_color=&#8220;light&#8220; bg_type=&#8220;color&#8220; padding_top_multiplier=&#8220;3x&#8220; padding_bottom_multiplier=&#8220;3x&#8220; section_id=&#8220;description&#8220; bg_color=&#8220;#ada39f&#8220; font_color=&#8220;#ffffff&#8220;][vc_column width=&#8220;1\/4&#8243;][\/vc_column][vc_column width=&#8220;1\/2&#8243; font_color=&#8220;#ffffff&#8220;]<div class=\"grve-element grve-box-icon grve-medium grve-top-icon grve-align-center\" style=\"\"><div class=\"grve-image-icon\"><img loading=\"lazy\" decoding=\"async\" width=\"585\" height=\"400\" src=\"https:\/\/www.leboisdamourette.com\/wp-content\/uploads\/2017\/09\/icone-une-nos-villas-1.png\" class=\"attachment-full size-full\" alt=\"Location Bormes les Mimosas - Le Bois d&#039;Amourette, Villas \u00e0 Bormes les Mimosas\" srcset=\"https:\/\/www.leboisdamourette.com\/wp-content\/uploads\/2017\/09\/icone-une-nos-villas-1.png 1x,https:\/\/www.leboisdamourette.com\/wp-content\/uploads\/2017\/09\/icone-une-nos-villas-1.png 2x\" \/><\/div><div class=\"grve-box-content\"><\/div><\/div><div class=\"grve-element grve-slogan grve-align-center\" style=\"\"><h2 class=\"grve-slogan-title grve-align-center grve-h1 grve-increase-heading grve-heading-200\"><span>Neun voll ausgestattete und m\u00f6blierte Villen<span class=\"grve-title-line grve-bg-white\" style=\"width: 75px;height: 1px;\"><\/span><\/span><\/h2>  <p class=\"grve-leader-text\">Von 90 bis 140 qm, bis zu 8 Personen<\/p><\/div><div class=\"grve-empty-space grve-height-1x\" style=\"\"><\/div>[vc_column_text]<\/p>\n<p style=\"text-align: center;\">Corinne und Alain, die ebenfalls auf diesem Anwesen wohnen, bieten Ihnen Villen mit 3 Zimmern (maximal 5 Personen), 4 Zimmern (maximal 7 Personen) und 5 Zimmern (maximal 8 Personen) von 90 bis 140 qm mit einem Gemeinschaftspool sowie eine Villa mit 5 Zimmern (maximal 8 Personen) von 140 qm mit einem privaten Pool von 5m x 10m. Alle Villen sind m\u00f6bliert und voll ausgestattet, um Ihnen den gr\u00f6\u00dftm\u00f6glichen Komfort w\u00e4hrend Ihres Aufenthaltes zu bieten.<\/p>\n<p>[\/vc_column_text]<div class=\"grve-empty-space grve-height-1x\" style=\"\"><\/div><div class=\"grve-element grve-align-center\"><a href=\"\/reserver\/?lang=de\" class=\"grve-btn grve-btn-large grve-square grve-bg-white grve-bg-hover-white grve-btn-line\"><span>Reservieren Sie Ihre Villa<\/span><\/a><\/div>[\/vc_column][vc_column width=&#8220;1\/4&#8243;][\/vc_column][\/vc_row][vc_row section_type=&#8220;fullwidth&#8220; columns_gap=&#8220;none&#8220; equal_column_height=&#8220;middle-content&#8220; padding_top_multiplier=&#8220;&#8220; padding_bottom_multiplier=&#8220;&#8220; section_id=&#8220;jumelees&#8220;][vc_column width=&#8220;1\/2&#8243; css=&#8220;.vc_custom_1477312900598{padding: 21% !important;}&#8220;]<div class=\"grve-element grve-slogan grve-align-left\" style=\"\"><h2 class=\"grve-slogan-title grve-align-left grve-h1 grve-increase-heading grve-heading-140\"><span>Villas jumel\u00e9es<\/span><\/h2><\/div><div class=\"grve-empty-space\" style=\"height: 8px;\"><\/div>[vc_column_text text_style=&#8220;subtitle&#8220;]<\/p>\n<p style=\"text-align: left;\">90 qm, bis zu 5 Personen<\/p>\n<p>[\/vc_column_text]<div class=\"grve-empty-space\" style=\"height: 15px;\"><\/div><div class=\"grve-element grve-divider grve-align-left\" style=\"\"><span class=\"grve-custom-divider grve-bg-black\" style=\"width: 75px;height: 1px;\"><\/span><\/div><div class=\"grve-empty-space\" style=\"height: 40px;\"><\/div>[vc_column_text text_style=&#8220;leader-text&#8220;]<\/p>\n<p style=\"text-align: left;\">Sechs Doppelhaush\u00e4lften im Zentrum des Anwesens und nur einen Steinwurf vom Gemeinschaftspool entfernt.<\/p>\n<p>[\/vc_column_text]<div class=\"grve-empty-space\" style=\"height: 30px;\"><\/div><div class=\"grve-element grve-align-left\"><a href=\"\/villas-jumelees\/?lang=de\" class=\"grve-btn grve-btn-medium grve-btn-underline grve-text-primary-1 grve-text-hover-primary-1\"><span><i class=\"smp-icon-arrow-right\"><\/i>Entdecken<span class=\"grve-btn-bottom-line grve-bg-primary-2\"><\/span><\/span><\/a><\/div>[\/vc_column][vc_column width=&#8220;1\/2&#8243; css=&#8220;.vc_custom_1508245663361{background-image: url(http:\/\/www.leboisdamourette.com\/wp-content\/uploads\/2017\/10\/villas-jumelees-galerie8-1.jpg?id=17311) !important;background-position: center !important;background-repeat: no-repeat !important;background-size: cover !important;}&#8220;][\/vc_column][\/vc_row][vc_row section_type=&#8220;fullwidth&#8220; columns_gap=&#8220;none&#8220; equal_column_height=&#8220;middle-content&#8220; padding_top_multiplier=&#8220;&#8220; padding_bottom_multiplier=&#8220;&#8220; section_id=&#8220;freesia&#8220;][vc_column width=&#8220;1\/2&#8243; css=&#8220;.vc_custom_1508245693529{background-image: url(http:\/\/www.leboisdamourette.com\/wp-content\/uploads\/2017\/10\/villa-freesia-galerie3.jpg?id=17213) !important;background-position: center !important;background-repeat: no-repeat !important;background-size: cover !important;}&#8220;][\/vc_column][vc_column width=&#8220;1\/2&#8243; css=&#8220;.vc_custom_1477312900598{padding: 21% !important;}&#8220;]<div class=\"grve-element grve-slogan grve-align-left\" style=\"\"><h2 class=\"grve-slogan-title grve-align-left grve-h1 grve-increase-heading grve-heading-140\"><span>Villa \u00ab La Freesia \u00bb<\/span><\/h2><\/div><div class=\"grve-empty-space\" style=\"height: 8px;\"><\/div>[vc_column_text text_style=&#8220;subtitle&#8220;]<\/p>\n<p style=\"text-align: left;\">110 qm, bis zu 7 Personen<\/p>\n<p>[\/vc_column_text]<div class=\"grve-empty-space\" style=\"height: 15px;\"><\/div><div class=\"grve-element grve-divider grve-align-left\" style=\"\"><span class=\"grve-custom-divider grve-bg-black\" style=\"width: 75px;height: 1px;\"><\/span><\/div><div class=\"grve-empty-space\" style=\"height: 40px;\"><\/div>[vc_column_text text_style=&#8220;leader-text&#8220;]<\/p>\n<p style=\"text-align: left;\">Ein provenzalisches Landhaus mit Blick auf den Pool und freie Sicht auf die Insel Levant.<\/p>\n<p>[\/vc_column_text]<div class=\"grve-empty-space\" style=\"height: 30px;\"><\/div><div class=\"grve-element grve-align-left\"><a href=\"\/villa-freesia\/?lang=de\" class=\"grve-btn grve-btn-medium grve-btn-underline grve-text-primary-1 grve-text-hover-primary-1\"><span><i class=\"smp-icon-arrow-right\"><\/i>Entdecken<span class=\"grve-btn-bottom-line grve-bg-primary-2\"><\/span><\/span><\/a><\/div>[\/vc_column][\/vc_row][vc_row section_type=&#8220;fullwidth&#8220; columns_gap=&#8220;none&#8220; equal_column_height=&#8220;middle-content&#8220; padding_top_multiplier=&#8220;&#8220; padding_bottom_multiplier=&#8220;&#8220; section_id=&#8220;anthemis&#8220;][vc_column width=&#8220;1\/2&#8243; css=&#8220;.vc_custom_1477312900598{padding: 21% !important;}&#8220;]<div class=\"grve-element grve-slogan grve-align-left\" style=\"\"><h2 class=\"grve-slogan-title grve-align-left grve-h1 grve-increase-heading grve-heading-140\"><span>Villa \u00ab Anth\u00e9mis \u00bb<\/span><\/h2><\/div><div class=\"grve-empty-space\" style=\"height: 8px;\"><\/div>[vc_column_text text_style=&#8220;subtitle&#8220;]<\/p>\n<p style=\"text-align: left;\">140 qm, bis zu 8 Personen<\/p>\n<p>[\/vc_column_text]<div class=\"grve-empty-space\" style=\"height: 15px;\"><\/div><div class=\"grve-element grve-divider grve-align-left\" style=\"\"><span class=\"grve-custom-divider grve-bg-black\" style=\"width: 75px;height: 1px;\"><\/span><\/div><div class=\"grve-empty-space\" style=\"height: 40px;\"><\/div>[vc_column_text text_style=&#8220;leader-text&#8220;]<\/p>\n<p style=\"text-align: left;\">Im oberen Teil des Anwesens befindet sich eine wundersch\u00f6ne Privatvilla mit Garten, eingez\u00e4unter Terrasse und Meerblick.<\/p>\n<p>[\/vc_column_text]<div class=\"grve-empty-space\" style=\"height: 30px;\"><\/div><div class=\"grve-element grve-align-left\"><a href=\"\/villa-anthemis\/?lang=de\" class=\"grve-btn grve-btn-medium grve-btn-underline grve-text-primary-1 grve-text-hover-primary-1\"><span><i class=\"smp-icon-arrow-right\"><\/i>Entdecken<span class=\"grve-btn-bottom-line grve-bg-primary-2\"><\/span><\/span><\/a><\/div>[\/vc_column][vc_column width=&#8220;1\/2&#8243; css=&#8220;.vc_custom_1506523032135{background-image: url(http:\/\/www.leboisdamourette.com\/wp-content\/uploads\/2016\/06\/villa-anthemis.jpg?id=16468) !important;background-position: center !important;background-repeat: no-repeat !important;background-size: cover !important;}&#8220;][\/vc_column][\/vc_row][vc_row section_type=&#8220;fullwidth&#8220; columns_gap=&#8220;none&#8220; equal_column_height=&#8220;middle-content&#8220; padding_top_multiplier=&#8220;&#8220; padding_bottom_multiplier=&#8220;&#8220; section_id=&#8220;oranger&#8220;][vc_column width=&#8220;1\/2&#8243; css=&#8220;.vc_custom_1506523048675{background-image: url(http:\/\/www.leboisdamourette.com\/wp-content\/uploads\/2016\/06\/villa-oranger.jpg?id=16469) !important;background-position: center !important;background-repeat: no-repeat !important;background-size: cover !important;}&#8220;][\/vc_column][vc_column width=&#8220;1\/2&#8243; css=&#8220;.vc_custom_1477312900598{padding: 21% !important;}&#8220;]<div class=\"grve-element grve-slogan grve-align-left\" style=\"\"><h2 class=\"grve-slogan-title grve-align-left grve-h1 grve-increase-heading grve-heading-140\"><span>Villas \u00ab L'Oranger \u00bb<\/span><\/h2><\/div><div class=\"grve-empty-space\" style=\"height: 8px;\"><\/div>[vc_column_text text_style=&#8220;subtitle&#8220;]<\/p>\n<p style=\"text-align: left;\">140 qm, bis zu 8 Personen<\/p>\n<p>[\/vc_column_text]<div class=\"grve-empty-space\" style=\"height: 15px;\"><\/div><div class=\"grve-element grve-divider grve-align-left\" style=\"\"><span class=\"grve-custom-divider grve-bg-black\" style=\"width: 75px;height: 1px;\"><\/span><\/div><div class=\"grve-empty-space\" style=\"height: 40px;\"><\/div>[vc_column_text text_style=&#8220;leader-text&#8220;]<\/p>\n<p style=\"text-align: left;\">Wundersch\u00f6nes provenzalisches Landhaus komplett eingez\u00e4unt mit privatem Pool (9m x 4m).<\/p>\n<p>[\/vc_column_text]<div class=\"grve-empty-space\" style=\"height: 30px;\"><\/div><div class=\"grve-element grve-align-left\"><a href=\"\/villa-oranger\/?lang=de\" class=\"grve-btn grve-btn-medium grve-btn-underline grve-text-primary-1 grve-text-hover-primary-1\"><span><i class=\"smp-icon-arrow-right\"><\/i>Entdecken<span class=\"grve-btn-bottom-line grve-bg-primary-2\"><\/span><\/span><\/a><\/div>[\/vc_column][\/vc_row][vc_row bg_type=&#8220;color&#8220; padding_top_multiplier=&#8220;2x&#8220; padding_bottom_multiplier=&#8220;2x&#8220; section_id=&#8220;description&#8220; bg_color=&#8220;#f5f5f5&#8243;][vc_column width=&#8220;1\/2&#8243;]<div class=\"grve-element grve-image grve-animated-item grve-duration-normal grve-fade-in-up grve-align-center grve-full-image grve-image-space-100\" style=\"\" data-delay=\"200\">  <div class=\"grve-image-wrapper\"><a href=\"\/wp-content\/uploads\/2018\/06\/plaquetteBA.pdf\" target=\"_blank\" rel=\"noopener noreferrer\"><img loading=\"lazy\" decoding=\"async\" width=\"2000\" height=\"1448\" src=\"https:\/\/www.leboisdamourette.com\/wp-content\/uploads\/2017\/09\/brochure-mockup.png\" class=\"attachment-full size-full\" alt=\"Le Bois d&#039;Amourette, Villas \u00e0 Bormes les Mimosas\" srcset=\"https:\/\/www.leboisdamourette.com\/wp-content\/uploads\/2017\/09\/brochure-mockup.png 2000w, https:\/\/www.leboisdamourette.com\/wp-content\/uploads\/2017\/09\/brochure-mockup-300x217.png 300w, https:\/\/www.leboisdamourette.com\/wp-content\/uploads\/2017\/09\/brochure-mockup-768x556.png 768w, https:\/\/www.leboisdamourette.com\/wp-content\/uploads\/2017\/09\/brochure-mockup-1024x741.png 1024w, https:\/\/www.leboisdamourette.com\/wp-content\/uploads\/2017\/09\/brochure-mockup-1920x1390.png 1920w\" sizes=\"auto, (max-width: 2000px) 100vw, 2000px\" \/><\/a>   <\/div><\/div>[\/vc_column][vc_column width=&#8220;1\/2&#8243;]<div class=\"grve-empty-space grve-height-1x\" style=\"\"><\/div><h2 class=\"grve-element grve-title grve-align-left grve-h1 grve-increase-heading grve-heading-140\" style=\"\"><span><br>\n<p style=\"text-align: left;\">Downloaden Sie unseren<br \/>\nFlyer 2017\/18<br>\n<span class=\"grve-title-line grve-bg-black\" style=\"width: 75px;height: 1px;\"><\/span><\/span><\/h2><div class=\"grve-empty-space grve-height-1x\" style=\"\"><\/div><div class=\"grve-element grve-align-left\"><a href=\"\/wp-content\/uploads\/2018\/06\/plaquetteBA.pdf\" target=\"_blank\" rel=\"noopener noreferrer\" class=\"grve-btn grve-btn-medium grve-square grve-bg-primary-1 grve-bg-hover-primary-1 grve-btn-line\"><span>Download (PDF)<\/span><\/a><\/div>[\/vc_column][\/vc_row]<\/p>\n<\/div>","protected":false},"excerpt":{"rendered":"<p>[vc_row heading_color=&#8220;light&#8220; bg_type=&#8220;color&#8220; padding_top_multiplier=&#8220;3x&#8220; padding_bottom_multiplier=&#8220;3x&#8220; section_id=&#8220;description&#8220; bg_color=&#8220;#ada39f&#8220; font_color=&#8220;#ffffff&#8220;][vc_column width=&#8220;1\/4&#8243;][\/vc_column][vc_column width=&#8220;1\/2&#8243; font_color=&#8220;#ffffff&#8220;][vc_column_text] Corinne und Alain, die ebenfalls auf diesem Anwesen wohnen, bieten Ihnen Villen mit 3 Zimmern (maximal 5 Personen), 4 Zimmern (maximal 7 Personen) und 5 Zimmern (maximal 8 Personen) von 90 bis 140 qm mit einem Gemeinschaftspool sowie eine Villa mit 5 Zimmern (maximal [&hellip;]<\/p>\n","protected":false},"author":1,"featured_media":0,"parent":0,"menu_order":9,"comment_status":"closed","ping_status":"closed","template":"","meta":{"footnotes":""},"class_list":["post-17704","page","type-page","status-publish","hentry"],"yoast_head":"<!-- This site is optimized with the Yoast SEO plugin v27.2 - https:\/\/yoast.com\/product\/yoast-seo-wordpress\/ -->\n<title>Unsere Villen - Le Bois d&#039;Amourette, Villas Bormes les Mimosas<\/title>\n<meta name=\"robots\" content=\"index, follow, max-snippet:-1, max-image-preview:large, max-video-preview:-1\" \/>\n<link rel=\"canonical\" href=\"https:\/\/www.leboisdamourette.com\/de\/nos-villas\/\" \/>\n<meta property=\"og:locale\" content=\"de_DE\" \/>\n<meta property=\"og:type\" content=\"article\" \/>\n<meta property=\"og:title\" content=\"Unsere Villen - Le Bois d&#039;Amourette, Villas Bormes les Mimosas\" \/>\n<meta property=\"og:description\" content=\"[vc_row heading_color=&#8220;light&#8220; bg_type=&#8220;color&#8220; padding_top_multiplier=&#8220;3x&#8220; padding_bottom_multiplier=&#8220;3x&#8220; section_id=&#8220;description&#8220; bg_color=&#8220;#ada39f&#8220; font_color=&#8220;#ffffff&#8220;][vc_column width=&#8220;1\/4&#8243;][\/vc_column][vc_column width=&#8220;1\/2&#8243; font_color=&#8220;#ffffff&#8220;][vc_column_text] Corinne und Alain, die ebenfalls auf diesem Anwesen wohnen, bieten Ihnen Villen mit 3 Zimmern (maximal 5 Personen), 4 Zimmern (maximal 7 Personen) und 5 Zimmern (maximal 8 Personen) von 90 bis 140 qm mit einem Gemeinschaftspool sowie eine Villa mit 5 Zimmern (maximal [&hellip;]\" \/>\n<meta property=\"og:url\" content=\"https:\/\/www.leboisdamourette.com\/de\/nos-villas\/\" \/>\n<meta property=\"og:site_name\" content=\"Le Bois d&#039;Amourette, Villas Bormes les Mimosas\" \/>\n<meta property=\"article:modified_time\" content=\"2019-12-19T12:41:08+00:00\" \/>\n<script type=\"application\/ld+json\" class=\"yoast-schema-graph\">{\"@context\":\"https:\/\/schema.org\",\"@graph\":[{\"@type\":\"WebPage\",\"@id\":\"https:\/\/www.leboisdamourette.com\/de\/nos-villas\/\",\"url\":\"https:\/\/www.leboisdamourette.com\/de\/nos-villas\/\",\"name\":\"Unsere Villen - Le Bois d&#039;Amourette, Villas Bormes les Mimosas\",\"isPartOf\":{\"@id\":\"https:\/\/www.leboisdamourette.com\/de\/#website\"},\"datePublished\":\"2017-09-27T13:28:53+00:00\",\"dateModified\":\"2019-12-19T12:41:08+00:00\",\"breadcrumb\":{\"@id\":\"https:\/\/www.leboisdamourette.com\/de\/nos-villas\/#breadcrumb\"},\"inLanguage\":\"de\",\"potentialAction\":[{\"@type\":\"ReadAction\",\"target\":[\"https:\/\/www.leboisdamourette.com\/de\/nos-villas\/\"]}]},{\"@type\":\"BreadcrumbList\",\"@id\":\"https:\/\/www.leboisdamourette.com\/de\/nos-villas\/#breadcrumb\",\"itemListElement\":[{\"@type\":\"ListItem\",\"position\":1,\"name\":\"Accueil\",\"item\":\"https:\/\/www.leboisdamourette.com\/de\/\"},{\"@type\":\"ListItem\",\"position\":2,\"name\":\"Unsere Villen\"}]},{\"@type\":\"WebSite\",\"@id\":\"https:\/\/www.leboisdamourette.com\/de\/#website\",\"url\":\"https:\/\/www.leboisdamourette.com\/de\/\",\"name\":\"Le Bois d&#039;Amourette, Villas Bormes les Mimosas\",\"description\":\"Location Villas Vacances \u00e0 Bormes les Mimosas\",\"publisher\":{\"@id\":\"https:\/\/www.leboisdamourette.com\/de\/#organization\"},\"potentialAction\":[{\"@type\":\"SearchAction\",\"target\":{\"@type\":\"EntryPoint\",\"urlTemplate\":\"https:\/\/www.leboisdamourette.com\/de\/?s={search_term_string}\"},\"query-input\":{\"@type\":\"PropertyValueSpecification\",\"valueRequired\":true,\"valueName\":\"search_term_string\"}}],\"inLanguage\":\"de\"},{\"@type\":\"Organization\",\"@id\":\"https:\/\/www.leboisdamourette.com\/de\/#organization\",\"name\":\"Le Bois d'Amourette - Location Villas Vacances \u00e0 Bormes les Mimosas\",\"url\":\"https:\/\/www.leboisdamourette.com\/de\/\",\"logo\":{\"@type\":\"ImageObject\",\"inLanguage\":\"de\",\"@id\":\"https:\/\/www.leboisdamourette.com\/de\/#\/schema\/logo\/image\/\",\"url\":\"https:\/\/www.leboisdamourette.com\/wp-content\/uploads\/2022\/10\/logo-bois-amourette.png\",\"contentUrl\":\"https:\/\/www.leboisdamourette.com\/wp-content\/uploads\/2022\/10\/logo-bois-amourette.png\",\"width\":264,\"height\":63,\"caption\":\"Le Bois d'Amourette - Location Villas Vacances \u00e0 Bormes les Mimosas\"},\"image\":{\"@id\":\"https:\/\/www.leboisdamourette.com\/de\/#\/schema\/logo\/image\/\"}}]}<\/script>\n<!-- \/ Yoast SEO plugin. -->","yoast_head_json":{"title":"Unsere Villen - Le Bois d&#039;Amourette, Villas Bormes les Mimosas","robots":{"index":"index","follow":"follow","max-snippet":"max-snippet:-1","max-image-preview":"max-image-preview:large","max-video-preview":"max-video-preview:-1"},"canonical":"https:\/\/www.leboisdamourette.com\/de\/nos-villas\/","og_locale":"de_DE","og_type":"article","og_title":"Unsere Villen - Le Bois d&#039;Amourette, Villas Bormes les Mimosas","og_description":"[vc_row heading_color=&#8220;light&#8220; bg_type=&#8220;color&#8220; padding_top_multiplier=&#8220;3x&#8220; padding_bottom_multiplier=&#8220;3x&#8220; section_id=&#8220;description&#8220; bg_color=&#8220;#ada39f&#8220; font_color=&#8220;#ffffff&#8220;][vc_column width=&#8220;1\/4&#8243;][\/vc_column][vc_column width=&#8220;1\/2&#8243; font_color=&#8220;#ffffff&#8220;][vc_column_text] Corinne und Alain, die ebenfalls auf diesem Anwesen wohnen, bieten Ihnen Villen mit 3 Zimmern (maximal 5 Personen), 4 Zimmern (maximal 7 Personen) und 5 Zimmern (maximal 8 Personen) von 90 bis 140 qm mit einem Gemeinschaftspool sowie eine Villa mit 5 Zimmern (maximal [&hellip;]","og_url":"https:\/\/www.leboisdamourette.com\/de\/nos-villas\/","og_site_name":"Le Bois d&#039;Amourette, Villas Bormes les Mimosas","article_modified_time":"2019-12-19T12:41:08+00:00","schema":{"@context":"https:\/\/schema.org","@graph":[{"@type":"WebPage","@id":"https:\/\/www.leboisdamourette.com\/de\/nos-villas\/","url":"https:\/\/www.leboisdamourette.com\/de\/nos-villas\/","name":"Unsere Villen - Le Bois d&#039;Amourette, Villas Bormes les Mimosas","isPartOf":{"@id":"https:\/\/www.leboisdamourette.com\/de\/#website"},"datePublished":"2017-09-27T13:28:53+00:00","dateModified":"2019-12-19T12:41:08+00:00","breadcrumb":{"@id":"https:\/\/www.leboisdamourette.com\/de\/nos-villas\/#breadcrumb"},"inLanguage":"de","potentialAction":[{"@type":"ReadAction","target":["https:\/\/www.leboisdamourette.com\/de\/nos-villas\/"]}]},{"@type":"BreadcrumbList","@id":"https:\/\/www.leboisdamourette.com\/de\/nos-villas\/#breadcrumb","itemListElement":[{"@type":"ListItem","position":1,"name":"Accueil","item":"https:\/\/www.leboisdamourette.com\/de\/"},{"@type":"ListItem","position":2,"name":"Unsere Villen"}]},{"@type":"WebSite","@id":"https:\/\/www.leboisdamourette.com\/de\/#website","url":"https:\/\/www.leboisdamourette.com\/de\/","name":"Le Bois d&#039;Amourette, Villas Bormes les Mimosas","description":"Location Villas Vacances \u00e0 Bormes les Mimosas","publisher":{"@id":"https:\/\/www.leboisdamourette.com\/de\/#organization"},"potentialAction":[{"@type":"SearchAction","target":{"@type":"EntryPoint","urlTemplate":"https:\/\/www.leboisdamourette.com\/de\/?s={search_term_string}"},"query-input":{"@type":"PropertyValueSpecification","valueRequired":true,"valueName":"search_term_string"}}],"inLanguage":"de"},{"@type":"Organization","@id":"https:\/\/www.leboisdamourette.com\/de\/#organization","name":"Le Bois d'Amourette - Location Villas Vacances \u00e0 Bormes les Mimosas","url":"https:\/\/www.leboisdamourette.com\/de\/","logo":{"@type":"ImageObject","inLanguage":"de","@id":"https:\/\/www.leboisdamourette.com\/de\/#\/schema\/logo\/image\/","url":"https:\/\/www.leboisdamourette.com\/wp-content\/uploads\/2022\/10\/logo-bois-amourette.png","contentUrl":"https:\/\/www.leboisdamourette.com\/wp-content\/uploads\/2022\/10\/logo-bois-amourette.png","width":264,"height":63,"caption":"Le Bois d'Amourette - Location Villas Vacances \u00e0 Bormes les Mimosas"},"image":{"@id":"https:\/\/www.leboisdamourette.com\/de\/#\/schema\/logo\/image\/"}}]}},"_links":{"self":[{"href":"https:\/\/www.leboisdamourette.com\/de\/wp-json\/wp\/v2\/pages\/17704","targetHints":{"allow":["GET"]}}],"collection":[{"href":"https:\/\/www.leboisdamourette.com\/de\/wp-json\/wp\/v2\/pages"}],"about":[{"href":"https:\/\/www.leboisdamourette.com\/de\/wp-json\/wp\/v2\/types\/page"}],"author":[{"embeddable":true,"href":"https:\/\/www.leboisdamourette.com\/de\/wp-json\/wp\/v2\/users\/1"}],"replies":[{"embeddable":true,"href":"https:\/\/www.leboisdamourette.com\/de\/wp-json\/wp\/v2\/comments?post=17704"}],"version-history":[{"count":0,"href":"https:\/\/www.leboisdamourette.com\/de\/wp-json\/wp\/v2\/pages\/17704\/revisions"}],"wp:attachment":[{"href":"https:\/\/www.leboisdamourette.com\/de\/wp-json\/wp\/v2\/media?parent=17704"}],"curies":[{"name":"wp","href":"https:\/\/api.w.org\/{rel}","templated":true}]}}