{"id":17691,"date":"2017-09-27T11:33:02","date_gmt":"2017-09-27T09:33:02","guid":{"rendered":"http:\/\/www.leboisdamourette.com\/ba-accueil-intro-blanc\/"},"modified":"2019-12-19T13:41:06","modified_gmt":"2019-12-19T12:41:06","slug":"ba-accueil-intro-blanc","status":"publish","type":"page","link":"https:\/\/www.leboisdamourette.com\/de\/","title":{"rendered":"Accueil"},"content":{"rendered":"<div class=\"wpb-content-wrapper\"><p>[vc_row padding_top_multiplier=&#8220;3x&#8220; padding_bottom_multiplier=&#8220;3x&#8220;][vc_column width=&#8220;1\/4&#8243;][\/vc_column][vc_column width=&#8220;1\/2&#8243; font_color=&#8220;#000000&#8243;]<h2 class=\"grve-element grve-typed-text grve-align-center grve-h1 grve-increase-heading grve-heading-160\" style=\"\">    <span class=\"grve-typed-text-prefix\"> <\/span>    <span class=\"grve-animated-text grve-text-black\">    \t<span id=\"grve-typed-item-69e05b7daa080\"><\/span>    <\/span>    <span class=\"grve-typed-text-suffix\"> <\/span><script type=\"text\/javascript\">\r\n\t\t\t\tjQuery(function($){ $(\"#grve-typed-item-69e05b7daa080\").appear(function() {\r\n\t\t\t\t\t$(\"#grve-typed-item-69e05b7daa080\").typed({\r\n\t\t\t\t\t\tstrings: [\"Bienvenue\",\"Welcome\",\"Wilkommen\",\"Welkom\",\"\u0434\u043e\u0431\u0440\u043e \u043f\u043e\u0436\u0430\u043b\u043e\u0432\u0430\u0442\u044c\",\"\u6b22\u8fce\u4f60\u6765\"],\r\n\t\t\t\t\t\ttypeSpeed: 85,\r\n\t\t\t\t\t\tbackSpeed: 80,\r\n\t\t\t\t\t\tstartDelay: 0,\r\n\t\t\t\t\t\tbackDelay: 500,\r\n\t\t\t\t\t\tloop: false,\r\n\t\t\t\t\t\tloopCount: false,\r\n\t\t\t\t\t\tshowCursor: true,\r\n\t\t\t\t\t\tcursorChar: \"|\",\r\n\t\t\t\t\t\tcontentType: null,\r\n\t\t\t\t\t\tattr: null\r\n\t\t\t\t\t});\r\n\t\t\t\t});\r\n\t\t\t});\r\n\t\t<\/script><\/h2>[vc_column_text text_style=&#8220;leader-text&#8220;]<\/p>\n<p style=\"text-align: center;\">Corinne und Alain freuen sich, Sie das ganze Jahr \u00fcber im Bois d&#8216; Amourette, unserem Familienbetrieb in Bormes-les-Mimosas, begr\u00fc\u00dfen zu d\u00fcrfen. Ein Hafen der Ruhe, eine wahre Oase der Entspannung und Geselligkeit f\u00fcr unvergessliche Familienferien&#8230;.<\/p>\n<p>[\/vc_column_text]<div class=\"grve-empty-space grve-height-1x\" style=\"\"><\/div><div class=\"grve-element grve-image grve-align-center\" style=\"\">  <div class=\"grve-image-wrapper\"><img loading=\"lazy\" decoding=\"async\" width=\"260\" height=\"30\" src=\"https:\/\/www.leboisdamourette.com\/wp-content\/uploads\/2017\/09\/signature-corinne-et-alain-2.png\" class=\"attachment-full size-full\" alt=\"Nos Location meubl\u00e9s Var\" srcset=\"https:\/\/www.leboisdamourette.com\/wp-content\/uploads\/2017\/09\/signature-corinne-et-alain-2.png 1x,https:\/\/www.leboisdamourette.com\/wp-content\/uploads\/2017\/09\/signature-corinne-et-alain-retina.png 2x\" \/>   <\/div><\/div>[\/vc_column][vc_column width=&#8220;1\/4&#8243;][\/vc_column][\/vc_row][vc_row columns_gap=&#8220;60&#8243; bg_type=&#8220;color&#8220; padding_top_multiplier=&#8220;3x&#8220; padding_bottom_multiplier=&#8220;&#8220; font_color=&#8220;#000000&#8243; bg_color=&#8220;#f3f3f3&#8243;][vc_column]<h2 class=\"grve-element grve-title grve-align-center grve-h1 grve-increase-heading grve-heading-180\" style=\"\"><span>Das Anwesen<span class=\"grve-title-line grve-bg-black\" style=\"width: 75px;height: 1px;\"><\/span><\/span><\/h2>[vc_column_text text_style=&#8220;leader-text&#8220;]<\/p>\n<p style=\"text-align: center;\">Eine Oase der Ruhe und Geselligkeit,<br \/>\neine einzigartige nat\u00fcrliche Umgebung<\/p>\n<p>[\/vc_column_text][\/vc_column][\/vc_row][vc_row columns_gap=&#8220;60&#8243; bg_type=&#8220;color&#8220; bg_color=&#8220;#f3f3f3&#8243;][vc_column width=&#8220;1\/4&#8243;]<div class=\"grve-element grve-box-icon grve-medium grve-top-icon grve-align-center grve-advanced-hover\" style=\"\"><a href=\"\/le-domaine\/#domaine-familial\"><div class=\"grve-image-icon\"><img loading=\"lazy\" decoding=\"async\" width=\"70\" height=\"70\" src=\"https:\/\/www.leboisdamourette.com\/wp-content\/uploads\/2017\/09\/icon-domaine-familial-2.png\" class=\"attachment-full size-full\" alt=\"Domaine avec 9 villas meubl\u00e9s \u00e0 louer, dans le Var\" srcset=\"https:\/\/www.leboisdamourette.com\/wp-content\/uploads\/2017\/09\/icon-domaine-familial-2.png 1x,https:\/\/www.leboisdamourette.com\/wp-content\/uploads\/2017\/09\/icon-domaine-familial-retina-2.png 2x\" \/><\/div><div class=\"grve-box-content\"><div class=\"grve-box-title-wrapper\"><h3 class=\"grve-box-title grve-h5\">Ein Familienanwesen von 5 ha<\/h3><\/div>  <p class=\"\">Eine Oase der Ruhe f\u00fcr Ferien zu jeder Jahreszeit in einem Familienanwesen von 5 ha, an einem Hang gelegen&#8230;<\/p><\/div><\/a><\/div>[\/vc_column][vc_column width=&#8220;1\/4&#8243;]<div class=\"grve-element grve-box-icon grve-medium grve-top-icon grve-align-center grve-advanced-hover\" style=\"\"><a href=\"\/le-domaine\/#villas\"><div class=\"grve-image-icon\"><img loading=\"lazy\" decoding=\"async\" width=\"585\" height=\"400\" src=\"https:\/\/www.leboisdamourette.com\/wp-content\/uploads\/2017\/09\/icon-9-villas-retinaV2-1.png\" class=\"attachment-full size-full\" alt=\"Location Bormes les Mimosas - Le Bois d&#039;Amourette, Villas \u00e0 Bormes les Mimosas\" srcset=\"https:\/\/www.leboisdamourette.com\/wp-content\/uploads\/2017\/09\/icon-9-villas-retinaV2-1.png 585w, https:\/\/www.leboisdamourette.com\/wp-content\/uploads\/2017\/09\/icon-9-villas-retinaV2-1-300x205.png 300w\" sizes=\"auto, (max-width: 585px) 100vw, 585px\" \/><\/div><div class=\"grve-box-content\"><div class=\"grve-box-title-wrapper\"><h3 class=\"grve-box-title grve-h5\">9 Villen von 90 bis 140 qm<\/h3><\/div>  <p class=\"\">Neun voll ausgestattete und m\u00f6blierte Villen, um Ihnen den gr\u00f6sstm\u00f6glichen Komfort w\u00e4hrend Ihres Aufenthaltes zu bieten&#8230;.<\/p><\/div><\/a><\/div>[\/vc_column][vc_column width=&#8220;1\/4&#8243;]<div class=\"grve-element grve-box-icon grve-medium grve-top-icon grve-align-center grve-advanced-hover\" style=\"\"><a href=\"\/le-domaine\/#piscine\"><div class=\"grve-image-icon\"><img loading=\"lazy\" decoding=\"async\" width=\"215\" height=\"200\" src=\"https:\/\/www.leboisdamourette.com\/wp-content\/uploads\/2017\/09\/icon-piscine-privee-et-collective-3.png\" class=\"attachment-full size-full\" alt=\"Location de villas de vacances avec piscine\" \/><\/div><div class=\"grve-box-content\"><div class=\"grve-box-title-wrapper\"><h3 class=\"grve-box-title grve-h5\">Privater Pool &amp; Gemeinschaftspool<\/h3><\/div>  <p class=\"\">Neun voll ausgestattete und m\u00f6blierte Villen, um Ihnen den gr\u00f6sstm\u00f6glichen Komfort w\u00e4hrend Ihres Aufenthaltes zu bieten&#8230;.<\/p><\/div><\/a><\/div>[\/vc_column][vc_column width=&#8220;1\/4&#8243;]<div class=\"grve-element grve-box-icon grve-medium grve-top-icon grve-align-center grve-advanced-hover\" style=\"\"><a href=\"\/le-domaine\/#flore\"><div class=\"grve-image-icon\"><img loading=\"lazy\" decoding=\"async\" width=\"200\" height=\"200\" src=\"https:\/\/www.leboisdamourette.com\/wp-content\/uploads\/2017\/09\/icon-une-flore-exceptionnelle-1.png\" class=\"attachment-full size-full\" alt=\"Des Vacances \u00e0 Bormes les mimosas dans un cadre magnifique\" srcset=\"https:\/\/www.leboisdamourette.com\/wp-content\/uploads\/2017\/09\/icon-une-flore-exceptionnelle-1.png 200w, https:\/\/www.leboisdamourette.com\/wp-content\/uploads\/2017\/09\/icon-une-flore-exceptionnelle-1-150x150.png 150w\" sizes=\"auto, (max-width: 200px) 100vw, 200px\" \/><\/div><div class=\"grve-box-content\"><div class=\"grve-box-title-wrapper\"><h3 class=\"grve-box-title grve-h5\">Eine einzigartige Vegetation<\/h3><\/div>  <p class=\"\">Bei Ihren Spazierg\u00e4ngen durch das Anwesen entdecken Sie ein kleines Naturparadies, dessen Pflanzenvielfalt Sie \u00fcberraschen wird.<\/p><\/div><\/a><\/div>[\/vc_column][\/vc_row][vc_row bg_type=&#8220;color&#8220; padding_top_multiplier=&#8220;&#8220; padding_bottom_multiplier=&#8220;3x&#8220; bg_color=&#8220;#f3f3f3&#8243;][vc_column]<div class=\"grve-element grve-align-center\"><a href=\"\/le-domaine\/\/?lang=de\" class=\"grve-btn grve-btn-medium grve-square grve-bg-primary-1 grve-bg-hover-primary-1 grve-btn-line\"><span>Entdecken Sie das Anwesen.<\/span><\/a><\/div>[\/vc_column][\/vc_row][vc_row section_type=&#8220;fullwidth&#8220; bg_type=&#8220;image&#8220; bg_image=&#8220;16468&#8243; bg_image_type=&#8220;horizontal-parallax-lr&#8220; parallax_threshold=&#8220;0.8&#8243; color_overlay=&#8220;dark&#8220; opacity_overlay=&#8220;50&#8243; padding_top_multiplier=&#8220;2x&#8220; padding_bottom_multiplier=&#8220;2x&#8220;][vc_column heading_color=&#8220;light&#8220; font_color=&#8220;#ffffff&#8220;]<div class=\"grve-empty-space grve-height-5x\" style=\"\"><\/div><div class=\"grve-element grve-box-icon grve-medium grve-top-icon grve-align-center\" style=\"\"><div class=\"grve-image-icon\"><img loading=\"lazy\" decoding=\"async\" width=\"585\" height=\"400\" src=\"https:\/\/www.leboisdamourette.com\/wp-content\/uploads\/2017\/09\/icone-une-nos-villas-1.png\" class=\"attachment-full size-full\" alt=\"Location Bormes les Mimosas - Le Bois d&#039;Amourette, Villas \u00e0 Bormes les Mimosas\" srcset=\"https:\/\/www.leboisdamourette.com\/wp-content\/uploads\/2017\/09\/icone-une-nos-villas-1.png 1x,https:\/\/www.leboisdamourette.com\/wp-content\/uploads\/2017\/09\/icone-une-nos-villas-1.png 2x\" \/><\/div><div class=\"grve-box-content\"><\/div><\/div><h2 class=\"grve-element grve-title grve-align-center grve-h1 grve-increase-heading grve-heading-180\" style=\"\"><span>Unsere Villen<span class=\"grve-title-line grve-bg-white\" style=\"width: 75px;height: 2px;\"><\/span><\/span><\/h2>[vc_column_text text_style=&#8220;leader-text&#8220;]<\/p>\n<p style=\"text-align: center;\">Neun voll ausgestattete und m\u00f6blierte Villen,<br \/>\num Ihnen den gr\u00f6sstm\u00f6glichen Komfort w\u00e4hrend Ihres Aufenthaltes zu bieten&#8230;.<\/p>\n<p>[\/vc_column_text]<div class=\"grve-empty-space grve-height-1x\" style=\"\"><\/div><div class=\"grve-element grve-align-center\"><a href=\"\/nos-villas\/?lang=de\" class=\"grve-btn grve-btn-large grve-round grve-bg-primary-1 grve-bg-hover-primary-2\"><span>Entdecken Sie unsere Villen<\/span><\/a><\/div><div class=\"grve-empty-space grve-height-5x\" style=\"\"><\/div>[\/vc_column][\/vc_row]<\/p>\n<\/div>","protected":false},"excerpt":{"rendered":"<p>[vc_row padding_top_multiplier=&#8220;3x&#8220; padding_bottom_multiplier=&#8220;3x&#8220;][vc_column width=&#8220;1\/4&#8243;][\/vc_column][vc_column width=&#8220;1\/2&#8243; font_color=&#8220;#000000&#8243;][vc_column_text text_style=&#8220;leader-text&#8220;] Corinne und Alain freuen sich, Sie das ganze Jahr \u00fcber im Bois d&#8216; Amourette, unserem Familienbetrieb in Bormes-les-Mimosas, begr\u00fc\u00dfen zu d\u00fcrfen. Ein Hafen der Ruhe, eine wahre Oase der Entspannung und Geselligkeit f\u00fcr unvergessliche Familienferien&#8230;. [\/vc_column_text][\/vc_column][vc_column width=&#8220;1\/4&#8243;][\/vc_column][\/vc_row][vc_row columns_gap=&#8220;60&#8243; bg_type=&#8220;color&#8220; padding_top_multiplier=&#8220;3x&#8220; padding_bottom_multiplier=&#8220;&#8220; font_color=&#8220;#000000&#8243; bg_color=&#8220;#f3f3f3&#8243;][vc_column][vc_column_text text_style=&#8220;leader-text&#8220;] Eine Oase der Ruhe [&hellip;]<\/p>\n","protected":false},"author":1,"featured_media":0,"parent":0,"menu_order":2,"comment_status":"closed","ping_status":"closed","template":"","meta":{"footnotes":""},"class_list":["post-17691","page","type-page","status-publish","hentry"],"yoast_head":"<!-- This site is optimized with the Yoast SEO plugin v27.2 - https:\/\/yoast.com\/product\/yoast-seo-wordpress\/ -->\n<title>Ferienwohnungen in Bormes les Mimosas (Var, Paca) - Le Bois d&#039;Amourette<\/title>\n<meta name=\"robots\" content=\"index, follow, max-snippet:-1, max-image-preview:large, max-video-preview:-1\" \/>\n<link rel=\"canonical\" href=\"https:\/\/www.leboisdamourette.com\/de\/\" \/>\n<meta property=\"og:locale\" content=\"de_DE\" \/>\n<meta property=\"og:type\" content=\"article\" \/>\n<meta property=\"og:title\" content=\"Ferienwohnungen in Bormes les Mimosas (Var, Paca) - Le Bois d&#039;Amourette\" \/>\n<meta property=\"og:description\" content=\"[vc_row padding_top_multiplier=&#8220;3x&#8220; padding_bottom_multiplier=&#8220;3x&#8220;][vc_column width=&#8220;1\/4&#8243;][\/vc_column][vc_column width=&#8220;1\/2&#8243; font_color=&#8220;#000000&#8243;][vc_column_text text_style=&#8220;leader-text&#8220;] Corinne und Alain freuen sich, Sie das ganze Jahr \u00fcber im Bois d&#8216; Amourette, unserem Familienbetrieb in Bormes-les-Mimosas, begr\u00fc\u00dfen zu d\u00fcrfen. Ein Hafen der Ruhe, eine wahre Oase der Entspannung und Geselligkeit f\u00fcr unvergessliche Familienferien&#8230;. [\/vc_column_text][\/vc_column][vc_column width=&#8220;1\/4&#8243;][\/vc_column][\/vc_row][vc_row columns_gap=&#8220;60&#8243; bg_type=&#8220;color&#8220; padding_top_multiplier=&#8220;3x&#8220; padding_bottom_multiplier=&#8220;&#8220; font_color=&#8220;#000000&#8243; bg_color=&#8220;#f3f3f3&#8243;][vc_column][vc_column_text text_style=&#8220;leader-text&#8220;] Eine Oase der Ruhe [&hellip;]\" \/>\n<meta property=\"og:url\" content=\"https:\/\/www.leboisdamourette.com\/de\/\" \/>\n<meta property=\"og:site_name\" content=\"Le Bois d&#039;Amourette, Villas Bormes les Mimosas\" \/>\n<meta property=\"article:modified_time\" content=\"2019-12-19T12:41:06+00:00\" \/>\n<script type=\"application\/ld+json\" class=\"yoast-schema-graph\">{\"@context\":\"https:\/\/schema.org\",\"@graph\":[{\"@type\":\"WebPage\",\"@id\":\"https:\/\/www.leboisdamourette.com\/de\/\",\"url\":\"https:\/\/www.leboisdamourette.com\/de\/\",\"name\":\"Ferienwohnungen in Bormes les Mimosas (Var, Paca) - Le Bois d'Amourette\",\"isPartOf\":{\"@id\":\"https:\/\/www.leboisdamourette.com\/de\/#website\"},\"datePublished\":\"2017-09-27T09:33:02+00:00\",\"dateModified\":\"2019-12-19T12:41:06+00:00\",\"breadcrumb\":{\"@id\":\"https:\/\/www.leboisdamourette.com\/de\/#breadcrumb\"},\"inLanguage\":\"de\",\"potentialAction\":[{\"@type\":\"ReadAction\",\"target\":[\"https:\/\/www.leboisdamourette.com\/de\/\"]}]},{\"@type\":\"BreadcrumbList\",\"@id\":\"https:\/\/www.leboisdamourette.com\/de\/#breadcrumb\",\"itemListElement\":[{\"@type\":\"ListItem\",\"position\":1,\"name\":\"Accueil\",\"item\":\"https:\/\/www.leboisdamourette.com\/de\/\"},{\"@type\":\"ListItem\",\"position\":2,\"name\":\"Accueil\"}]},{\"@type\":\"WebSite\",\"@id\":\"https:\/\/www.leboisdamourette.com\/de\/#website\",\"url\":\"https:\/\/www.leboisdamourette.com\/de\/\",\"name\":\"Le Bois d&#039;Amourette, Villas Bormes les Mimosas\",\"description\":\"Location Villas Vacances \u00e0 Bormes les Mimosas\",\"publisher\":{\"@id\":\"https:\/\/www.leboisdamourette.com\/de\/#organization\"},\"potentialAction\":[{\"@type\":\"SearchAction\",\"target\":{\"@type\":\"EntryPoint\",\"urlTemplate\":\"https:\/\/www.leboisdamourette.com\/de\/?s={search_term_string}\"},\"query-input\":{\"@type\":\"PropertyValueSpecification\",\"valueRequired\":true,\"valueName\":\"search_term_string\"}}],\"inLanguage\":\"de\"},{\"@type\":\"Organization\",\"@id\":\"https:\/\/www.leboisdamourette.com\/de\/#organization\",\"name\":\"Le Bois d'Amourette - Location Villas Vacances \u00e0 Bormes les Mimosas\",\"url\":\"https:\/\/www.leboisdamourette.com\/de\/\",\"logo\":{\"@type\":\"ImageObject\",\"inLanguage\":\"de\",\"@id\":\"https:\/\/www.leboisdamourette.com\/de\/#\/schema\/logo\/image\/\",\"url\":\"https:\/\/www.leboisdamourette.com\/wp-content\/uploads\/2022\/10\/logo-bois-amourette.png\",\"contentUrl\":\"https:\/\/www.leboisdamourette.com\/wp-content\/uploads\/2022\/10\/logo-bois-amourette.png\",\"width\":264,\"height\":63,\"caption\":\"Le Bois d'Amourette - Location Villas Vacances \u00e0 Bormes les Mimosas\"},\"image\":{\"@id\":\"https:\/\/www.leboisdamourette.com\/de\/#\/schema\/logo\/image\/\"}}]}<\/script>\n<!-- \/ Yoast SEO plugin. -->","yoast_head_json":{"title":"Ferienwohnungen in Bormes les Mimosas (Var, Paca) - Le Bois d'Amourette","robots":{"index":"index","follow":"follow","max-snippet":"max-snippet:-1","max-image-preview":"max-image-preview:large","max-video-preview":"max-video-preview:-1"},"canonical":"https:\/\/www.leboisdamourette.com\/de\/","og_locale":"de_DE","og_type":"article","og_title":"Ferienwohnungen in Bormes les Mimosas (Var, Paca) - Le Bois d'Amourette","og_description":"[vc_row padding_top_multiplier=&#8220;3x&#8220; padding_bottom_multiplier=&#8220;3x&#8220;][vc_column width=&#8220;1\/4&#8243;][\/vc_column][vc_column width=&#8220;1\/2&#8243; font_color=&#8220;#000000&#8243;][vc_column_text text_style=&#8220;leader-text&#8220;] Corinne und Alain freuen sich, Sie das ganze Jahr \u00fcber im Bois d&#8216; Amourette, unserem Familienbetrieb in Bormes-les-Mimosas, begr\u00fc\u00dfen zu d\u00fcrfen. Ein Hafen der Ruhe, eine wahre Oase der Entspannung und Geselligkeit f\u00fcr unvergessliche Familienferien&#8230;. [\/vc_column_text][\/vc_column][vc_column width=&#8220;1\/4&#8243;][\/vc_column][\/vc_row][vc_row columns_gap=&#8220;60&#8243; bg_type=&#8220;color&#8220; padding_top_multiplier=&#8220;3x&#8220; padding_bottom_multiplier=&#8220;&#8220; font_color=&#8220;#000000&#8243; bg_color=&#8220;#f3f3f3&#8243;][vc_column][vc_column_text text_style=&#8220;leader-text&#8220;] Eine Oase der Ruhe [&hellip;]","og_url":"https:\/\/www.leboisdamourette.com\/de\/","og_site_name":"Le Bois d&#039;Amourette, Villas Bormes les Mimosas","article_modified_time":"2019-12-19T12:41:06+00:00","schema":{"@context":"https:\/\/schema.org","@graph":[{"@type":"WebPage","@id":"https:\/\/www.leboisdamourette.com\/de\/","url":"https:\/\/www.leboisdamourette.com\/de\/","name":"Ferienwohnungen in Bormes les Mimosas (Var, Paca) - Le Bois d'Amourette","isPartOf":{"@id":"https:\/\/www.leboisdamourette.com\/de\/#website"},"datePublished":"2017-09-27T09:33:02+00:00","dateModified":"2019-12-19T12:41:06+00:00","breadcrumb":{"@id":"https:\/\/www.leboisdamourette.com\/de\/#breadcrumb"},"inLanguage":"de","potentialAction":[{"@type":"ReadAction","target":["https:\/\/www.leboisdamourette.com\/de\/"]}]},{"@type":"BreadcrumbList","@id":"https:\/\/www.leboisdamourette.com\/de\/#breadcrumb","itemListElement":[{"@type":"ListItem","position":1,"name":"Accueil","item":"https:\/\/www.leboisdamourette.com\/de\/"},{"@type":"ListItem","position":2,"name":"Accueil"}]},{"@type":"WebSite","@id":"https:\/\/www.leboisdamourette.com\/de\/#website","url":"https:\/\/www.leboisdamourette.com\/de\/","name":"Le Bois d&#039;Amourette, Villas Bormes les Mimosas","description":"Location Villas Vacances \u00e0 Bormes les Mimosas","publisher":{"@id":"https:\/\/www.leboisdamourette.com\/de\/#organization"},"potentialAction":[{"@type":"SearchAction","target":{"@type":"EntryPoint","urlTemplate":"https:\/\/www.leboisdamourette.com\/de\/?s={search_term_string}"},"query-input":{"@type":"PropertyValueSpecification","valueRequired":true,"valueName":"search_term_string"}}],"inLanguage":"de"},{"@type":"Organization","@id":"https:\/\/www.leboisdamourette.com\/de\/#organization","name":"Le Bois d'Amourette - Location Villas Vacances \u00e0 Bormes les Mimosas","url":"https:\/\/www.leboisdamourette.com\/de\/","logo":{"@type":"ImageObject","inLanguage":"de","@id":"https:\/\/www.leboisdamourette.com\/de\/#\/schema\/logo\/image\/","url":"https:\/\/www.leboisdamourette.com\/wp-content\/uploads\/2022\/10\/logo-bois-amourette.png","contentUrl":"https:\/\/www.leboisdamourette.com\/wp-content\/uploads\/2022\/10\/logo-bois-amourette.png","width":264,"height":63,"caption":"Le Bois d'Amourette - Location Villas Vacances \u00e0 Bormes les Mimosas"},"image":{"@id":"https:\/\/www.leboisdamourette.com\/de\/#\/schema\/logo\/image\/"}}]}},"_links":{"self":[{"href":"https:\/\/www.leboisdamourette.com\/de\/wp-json\/wp\/v2\/pages\/17691","targetHints":{"allow":["GET"]}}],"collection":[{"href":"https:\/\/www.leboisdamourette.com\/de\/wp-json\/wp\/v2\/pages"}],"about":[{"href":"https:\/\/www.leboisdamourette.com\/de\/wp-json\/wp\/v2\/types\/page"}],"author":[{"embeddable":true,"href":"https:\/\/www.leboisdamourette.com\/de\/wp-json\/wp\/v2\/users\/1"}],"replies":[{"embeddable":true,"href":"https:\/\/www.leboisdamourette.com\/de\/wp-json\/wp\/v2\/comments?post=17691"}],"version-history":[{"count":0,"href":"https:\/\/www.leboisdamourette.com\/de\/wp-json\/wp\/v2\/pages\/17691\/revisions"}],"wp:attachment":[{"href":"https:\/\/www.leboisdamourette.com\/de\/wp-json\/wp\/v2\/media?parent=17691"}],"curies":[{"name":"wp","href":"https:\/\/api.w.org\/{rel}","templated":true}]}}